{"id":955,"date":"2020-08-19T02:59:16","date_gmt":"2020-08-19T02:59:16","guid":{"rendered":"https:\/\/www.gca-sa.com\/inicio\/?page_id=955"},"modified":"2020-08-19T03:25:18","modified_gmt":"2020-08-19T03:25:18","slug":"construccion-2","status":"publish","type":"page","link":"https:\/\/www.gca-sa.com\/inicio\/construccion-2\/","title":{"rendered":"Construcci\u00f3n"},"content":{"rendered":"<p>[vc_row cth_layout=\u00bbparallax_sec\u00bb css=\u00bb.vc_custom_1597806918484{background-image: url(https:\/\/www.gca-sa.com\/inicio\/wp-content\/uploads\/2020\/08\/Construccio\u0301n_Construccion-1803&#215;501-1.jpg?id=969) !important;}\u00bb][vc_column][vc_column_text]<\/p>\n<h2>Construcci\u00f3n<\/h2>\n<div class=\"separator-image\"><img decoding=\"async\" loading=\"lazy\" class=\"alignnone size-full wp-image-13\" src=\"http:\/\/www.gca-sa.com\/inicio\/wp-content\/uploads\/2015\/10\/separator1.png\" alt=\"separator\" width=\"42\" height=\"8\" \/><\/div>\n<p>[\/vc_column_text][\/vc_column][\/vc_row][vc_row cth_layout=\u00bbleftimage_sec\u00bb el_id=\u00bbsec4&#8243; left_bg_img=\u00bb968&#8243;][vc_column][vc_column_text css=\u00bb.vc_custom_1597806041777{margin-bottom: 20px !important;}\u00bb el_class=\u00bbfl-fw\u00bb]<\/p>\n<h2><span style=\"color: #ffffff;\">Construccion<\/span><\/h2>\n<h2 class=\"separator\"><\/h2>\n<h3 class=\"subtitle\"><\/h3>\n<p>[\/vc_column_text][vc_row_inner][vc_column_inner][vc_column_text]<\/p>\n<p align=\"justify\"><span style=\"color: #ffffff;\"><span style=\"font-family: Times New Roman, serif;\"><span style=\"font-size: medium;\"><span style=\"font-family: Arial, serif;\">Se trata de la realizaci\u00f3n de los trabajos correspondientes a la ejecuci\u00f3n de la obra de acuerdo con el proyecto arquitect\u00f3nico, estudios y dise\u00f1os de ingenier\u00eda, especificaciones y planos t\u00e9cnicos.<\/span><\/span><\/span><\/span><\/p>\n<p align=\"justify\">\n<p align=\"justify\"><span style=\"color: #ffffff;\"><span style=\"font-family: Times New Roman, serif;\"><span style=\"font-size: medium;\"><span style=\"font-family: Arial, serif;\"><u><b>Actividades que se desarrollan:<\/b><\/u><\/span><\/span><\/span><\/span><\/p>\n<p align=\"justify\">\n<ul>\n<li>\n<p align=\"justify\"><span style=\"color: #ffffff;\"><span style=\"font-family: Times New Roman, serif;\"><span style=\"font-size: medium;\"><span style=\"font-family: Arial, serif;\">Direcci\u00f3n t\u00e9cnica de la ejecuci\u00f3n de la construcci\u00f3n de obra.<\/span><\/span><\/span><\/span><\/p>\n<\/li>\n<li>\n<p align=\"justify\"><span style=\"color: #ffffff;\"><span style=\"font-family: Times New Roman, serif;\"><span style=\"font-size: medium;\"><span style=\"font-family: Arial, serif;\">Planificaci\u00f3n de la mejor practica de construcci\u00f3n para su ejecuci\u00f3n.<\/span><\/span><\/span><\/span><\/p>\n<\/li>\n<li>\n<p align=\"justify\"><span style=\"color: #ffffff;\"><span style=\"font-family: Times New Roman, serif;\"><span style=\"font-size: medium;\"><span style=\"font-family: Arial, serif;\">Entendimiento y explicaci\u00f3n de dise\u00f1os y especificaciones al equipo de trabajo de la construcci\u00f3n del proyecto tales como: operarios, subcontratistas y proveedores.<\/span><\/span><\/span><\/span><\/p>\n<\/li>\n<li>\n<p align=\"justify\"><span style=\"color: #ffffff;\"><span style=\"font-family: Times New Roman, serif;\"><span style=\"font-size: medium;\"><span style=\"font-family: Arial, serif;\">Desarrollo de matriz de acabados.<\/span><\/span><\/span><\/span><\/p>\n<\/li>\n<li>\n<p align=\"justify\"><span style=\"color: #ffffff;\"><span style=\"font-family: Times New Roman, serif;\"><span style=\"font-size: medium;\"><span style=\"font-family: Arial, serif;\">Proceso de contrataci\u00f3n:<\/span><\/span><\/span><\/span><\/p>\n<ul>\n<li>\n<p align=\"justify\"><span style=\"color: #ffffff;\"><span style=\"font-family: Times New Roman, serif;\"><span style=\"font-size: medium;\"><span style=\"font-family: Arial, serif;\">Consecuci\u00f3n, selecci\u00f3n, direcci\u00f3n y pago del personal de la obra <\/span><\/span><\/span><\/span><\/p>\n<\/li>\n<li>\n<p align=\"justify\"><span style=\"color: #ffffff;\"><span style=\"font-family: Times New Roman, serif;\"><span style=\"font-size: medium;\"><span style=\"font-family: Arial, serif;\">Compra de materiales, herramienta y alquiler de equipo <\/span><\/span><\/span><\/span><\/p>\n<\/li>\n<li>\n<p align=\"justify\"><span style=\"color: #ffffff;\"><span style=\"font-family: Times New Roman, serif;\"><span style=\"font-size: medium;\"><span style=\"font-family: Arial, serif;\">Celebraci\u00f3n de contratos: evaluaci\u00f3n t\u00e9cnica y financiera de contratistas. <\/span><\/span><\/span><\/span><\/p>\n<\/li>\n<\/ul>\n<\/li>\n<li>\n<p align=\"justify\"><span style=\"color: #ffffff;\"><span style=\"font-family: Times New Roman, serif;\"><span style=\"font-size: medium;\"><span style=\"font-family: Arial, serif;\">Informaci\u00f3n peri\u00f3dica de balance del proyecto, seg\u00fan el tipo de contrato<\/span><\/span><\/span><\/span><\/p>\n<\/li>\n<li>\n<p align=\"justify\"><span style=\"color: #ffffff;\"><span style=\"font-family: Times New Roman, serif;\"><span style=\"font-size: medium;\"><span style=\"font-family: Arial, serif;\">Supervisi\u00f3n y control de ejecuci\u00f3n y de la calidad del producto. <\/span><\/span><\/span><\/span><\/p>\n<\/li>\n<li>\n<p align=\"justify\"><span style=\"color: #ffffff;\"><span style=\"font-family: Times New Roman, serif;\"><span style=\"font-size: medium;\"><span style=\"font-family: Arial, serif;\">El cumplimiento de todas aquellas actividades necesarias para la completa<br \/>\nterminaci\u00f3n de los trabajos, incluyendo las<br \/>\nobligaciones fiscales y parafiscales propias de la construcci\u00f3n. <\/span><\/span><\/span><\/span><\/li>\n<li>\n<p align=\"justify\"><span style=\"color: #ffffff;\"><span style=\"font-family: Times New Roman, serif;\"><span style=\"font-size: medium;\"><span style=\"font-family: Arial, serif;\">Entregar a la entidad contratante el producto final y un manual de instrucciones para el uso y mantenimiento de la construcci\u00f3n, dentro del cual est\u00e1n incluidos los planos arquitect\u00f3nicos actualizados, los de instalaciones y los de ingenier\u00eda, manuales de mantenimiento y usos, como de sus respectivas coberturas de garant\u00edas; matriz de acabados, proveedores y puntos de contacto.<\/span><\/span><\/span><\/span><\/p>\n<\/li>\n<\/ul>\n<p align=\"justify\"><span style=\"color: #ffffff;\"><span style=\"font-family: Times New Roman, serif;\"><span style=\"font-size: medium;\"><span style=\"font-family: Arial, serif;\"><br \/>\n<\/span><\/span><\/span><\/span><\/p>\n<p align=\"justify\"><span style=\"color: #ffffff;\"><span style=\"font-family: Times New Roman, serif;\"><span style=\"font-size: medium;\"><span style=\"font-family: Arial, serif;\"><u>MODALIDADES DE CONSTRUCCI\u00d3N<\/u><\/span><\/span><\/span><\/span><\/p>\n<p align=\"justify\">\n<ul>\n<li>\n<p align=\"justify\"><span style=\"color: #ffffff;\"><span style=\"font-family: Times New Roman, serif;\"><span style=\"font-size: medium;\"><span style=\"font-family: Arial, serif;\">Construcci\u00f3n por administraci\u00f3n delegada <\/span><\/span><\/span><\/span><\/p>\n<\/li>\n<li>\n<p align=\"justify\"><span style=\"color: #ffffff;\"><span style=\"font-family: Times New Roman, serif;\"><span style=\"font-size: medium;\"><span style=\"font-family: Arial, serif;\">Construcci\u00f3n a precio global o alzado <\/span><\/span><\/span><\/span><\/p>\n<\/li>\n<li>\n<p align=\"justify\"><span style=\"color: #ffffff;\"><span style=\"font-family: Times New Roman, serif;\"><span style=\"font-size: medium;\"><span style=\"font-family: Arial, serif;\">Construcci\u00f3n por precios unitarios<\/span><\/span><\/span><\/span><\/p>\n<\/li>\n<\/ul>\n<p>[\/vc_column_text][\/vc_column_inner][\/vc_row_inner][\/vc_column][\/vc_row][vc_row][vc_column][vc_single_image image=\u00bb975&#8243; img_size=\u00bbfull\u00bb alignment=\u00bbcenter\u00bb][\/vc_column][\/vc_row]<\/p>\n","protected":false},"excerpt":{"rendered":"<p>[vc_row cth_layout=\u00bbparallax_sec\u00bb css=\u00bb.vc_custom_1597806918484{background-image: url(https:\/\/www.gca-sa.com\/inicio\/wp-content\/uploads\/2020\/08\/Construccio\u0301n_Construccion-1803&#215;501-1.jpg?id=969) !important;}\u00bb][vc_column][vc_column_text] Construcci\u00f3n [\/vc_column_text][\/vc_column][\/vc_row][vc_row cth_layout=\u00bbleftimage_sec\u00bb el_id=\u00bbsec4&#8243; left_bg_img=\u00bb968&#8243;][vc_column][vc_column_text css=\u00bb.vc_custom_1597806041777{margin-bottom: 20px !important;}\u00bb el_class=\u00bbfl-fw\u00bb] Construccion [\/vc_column_text][vc_row_inner][vc_column_inner][vc_column_text] Se trata de la realizaci\u00f3n de los trabajos correspondientes a la ejecuci\u00f3n de la obra de acuerdo con el proyecto arquitect\u00f3nico, estudios y dise\u00f1os de ingenier\u00eda, especificaciones y planos t\u00e9cnicos. Actividades que se desarrollan: Direcci\u00f3n t\u00e9cnica de la ejecuci\u00f3n [&hellip;]<\/p>\n","protected":false},"author":1,"featured_media":0,"parent":0,"menu_order":0,"comment_status":"closed","ping_status":"closed","template":"homepage.php","meta":{"footnotes":""},"_links":{"self":[{"href":"https:\/\/www.gca-sa.com\/inicio\/wp-json\/wp\/v2\/pages\/955"}],"collection":[{"href":"https:\/\/www.gca-sa.com\/inicio\/wp-json\/wp\/v2\/pages"}],"about":[{"href":"https:\/\/www.gca-sa.com\/inicio\/wp-json\/wp\/v2\/types\/page"}],"author":[{"embeddable":true,"href":"https:\/\/www.gca-sa.com\/inicio\/wp-json\/wp\/v2\/users\/1"}],"replies":[{"embeddable":true,"href":"https:\/\/www.gca-sa.com\/inicio\/wp-json\/wp\/v2\/comments?post=955"}],"version-history":[{"count":5,"href":"https:\/\/www.gca-sa.com\/inicio\/wp-json\/wp\/v2\/pages\/955\/revisions"}],"predecessor-version":[{"id":976,"href":"https:\/\/www.gca-sa.com\/inicio\/wp-json\/wp\/v2\/pages\/955\/revisions\/976"}],"wp:attachment":[{"href":"https:\/\/www.gca-sa.com\/inicio\/wp-json\/wp\/v2\/media?parent=955"}],"curies":[{"name":"wp","href":"https:\/\/api.w.org\/{rel}","templated":true}]}}