{"id":647,"date":"2020-07-23T22:26:42","date_gmt":"2020-07-23T22:26:42","guid":{"rendered":"http:\/\/www.gca-sa.com\/inicio\/?page_id=647"},"modified":"2020-08-14T03:38:44","modified_gmt":"2020-08-14T03:38:44","slug":"precios-unitarios","status":"publish","type":"page","link":"https:\/\/www.gca-sa.com\/inicio\/precios-unitarios\/","title":{"rendered":"Precios Unitarios"},"content":{"rendered":"<p>[vc_row cth_layout=\u00bbparallax_sec\u00bb css=\u00bb.vc_custom_1595909507689{background-image: url(http:\/\/www.gca-sa.com\/inicio\/wp-content\/uploads\/2020\/07\/Construcci\u00f3n_PreciosUnitarios-1803&#215;501-1.jpg?id=707) !important;}\u00bb][vc_column][vc_column_text]<\/p>\n<h2>Precios Unitarios<\/h2>\n<div class=\"separator-image\"><img decoding=\"async\" loading=\"lazy\" class=\"alignnone size-full wp-image-13\" src=\"http:\/\/www.gca-sa.com\/inicio\/wp-content\/uploads\/2015\/10\/separator1.png\" alt=\"separator\" width=\"42\" height=\"8\" \/><\/div>\n<p>[\/vc_column_text][\/vc_column][\/vc_row][vc_row cth_layout=\u00bbleftimage_sec\u00bb el_id=\u00bbsec4&#8243; left_bg_img=\u00bb707&#8243;][vc_column][vc_column_text css=\u00bb.vc_custom_1597376318358{margin-bottom: 20px !important;}\u00bb el_class=\u00bbfl-fw\u00bb]<\/p>\n<h2><span style=\"color: #ffffff;\"><b>Construcci\u00f3n por medio del sistema de<\/b><\/span><\/h2>\n<h2><span style=\"color: #ffffff;\"><b><span style=\"color: #ffffff;\">PRECIOS UNITARIOS<\/span><\/b><\/span><\/h2>\n<div class=\"separator\"><\/div>\n<h3 class=\"subtitle\"><\/h3>\n<p>[\/vc_column_text][vc_row_inner][vc_column_inner][vc_column_text]<\/p>\n<p style=\"text-align: justify;\"><span style=\"color: #ffffff;\">Se contrata el precio de una serie de unidades de obra, de tal manera que no se asegura el volumen de cada unidad, ni siquiera la ejecuci\u00f3n de todas las unidades del contrato. <\/span><\/p>\n<p style=\"text-align: justify;\"><span style=\"color: #ffffff;\">GCA realiza sus c\u00e1lculos de coste de cada unidad independientemente y eval\u00faa aproximadamente el valor global de las obras, para repartir gastos no proporcionales al volumen de obra. <\/span><\/p>\n<p><span style=\"color: #ffffff;\">El Contratante no queda comprometido de ninguna forma a asegurar un volumen determinado de obra. Es un tipo de contrato t\u00edpico de obras con un gran margen de inseguridad en su ejecuci\u00f3n, e incluso se suele utilizar para contratos de trabajos de investigaci\u00f3n o prospecci\u00f3n en los cuales existe una cantidad determinada y fija a gastar, que se consume con arreglo a un cuadro de precios contratados, en los que se suele a\u00f1adir los porcentajes necesarios para cubrir los gastos de impuestos, etc. <\/span><\/p>\n<p><span style=\"color: #ffffff;\">En este tipo de contratos no se puede garantizar el monto total de las obras que se ejecuten.<\/span><\/p>\n<p>[\/vc_column_text][\/vc_column_inner][\/vc_row_inner][\/vc_column][\/vc_row]<\/p>\n","protected":false},"excerpt":{"rendered":"<p>[vc_row cth_layout=\u00bbparallax_sec\u00bb css=\u00bb.vc_custom_1595909507689{background-image: url(http:\/\/www.gca-sa.com\/inicio\/wp-content\/uploads\/2020\/07\/Construcci\u00f3n_PreciosUnitarios-1803&#215;501-1.jpg?id=707) !important;}\u00bb][vc_column][vc_column_text] Precios Unitarios [\/vc_column_text][\/vc_column][\/vc_row][vc_row cth_layout=\u00bbleftimage_sec\u00bb el_id=\u00bbsec4&#8243; left_bg_img=\u00bb707&#8243;][vc_column][vc_column_text css=\u00bb.vc_custom_1597376318358{margin-bottom: 20px !important;}\u00bb el_class=\u00bbfl-fw\u00bb] Construcci\u00f3n por medio del sistema de PRECIOS UNITARIOS [\/vc_column_text][vc_row_inner][vc_column_inner][vc_column_text] Se contrata el precio de una serie de unidades de obra, de tal manera que no se asegura el volumen de cada unidad, ni siquiera la ejecuci\u00f3n de todas las unidades [&hellip;]<\/p>\n","protected":false},"author":1,"featured_media":0,"parent":0,"menu_order":0,"comment_status":"closed","ping_status":"closed","template":"homepage.php","meta":{"footnotes":""},"_links":{"self":[{"href":"https:\/\/www.gca-sa.com\/inicio\/wp-json\/wp\/v2\/pages\/647"}],"collection":[{"href":"https:\/\/www.gca-sa.com\/inicio\/wp-json\/wp\/v2\/pages"}],"about":[{"href":"https:\/\/www.gca-sa.com\/inicio\/wp-json\/wp\/v2\/types\/page"}],"author":[{"embeddable":true,"href":"https:\/\/www.gca-sa.com\/inicio\/wp-json\/wp\/v2\/users\/1"}],"replies":[{"embeddable":true,"href":"https:\/\/www.gca-sa.com\/inicio\/wp-json\/wp\/v2\/comments?post=647"}],"version-history":[{"count":10,"href":"https:\/\/www.gca-sa.com\/inicio\/wp-json\/wp\/v2\/pages\/647\/revisions"}],"predecessor-version":[{"id":933,"href":"https:\/\/www.gca-sa.com\/inicio\/wp-json\/wp\/v2\/pages\/647\/revisions\/933"}],"wp:attachment":[{"href":"https:\/\/www.gca-sa.com\/inicio\/wp-json\/wp\/v2\/media?parent=647"}],"curies":[{"name":"wp","href":"https:\/\/api.w.org\/{rel}","templated":true}]}}