{"id":642,"date":"2020-07-23T22:21:32","date_gmt":"2020-07-23T22:21:32","guid":{"rendered":"http:\/\/www.gca-sa.com\/inicio\/?page_id=642"},"modified":"2022-02-21T18:47:34","modified_gmt":"2022-02-21T18:47:34","slug":"design-built","status":"publish","type":"page","link":"https:\/\/www.gca-sa.com\/inicio\/design-built\/","title":{"rendered":"Design &#8211; Built"},"content":{"rendered":"<p>[vc_row cth_layout=\u00bbparallax_sec\u00bb css=\u00bb.vc_custom_1595909064525{background-image: url(http:\/\/www.gca-sa.com\/inicio\/wp-content\/uploads\/2020\/07\/Construcci\u00f3n_DesignBuilt-1803&#215;501-1.jpg?id=703) !important;}\u00bb][vc_column][vc_column_text]<\/p>\n<h2>Design &#8211; Built<\/h2>\n<div class=\"separator-image\"><img decoding=\"async\" loading=\"lazy\" class=\"alignnone size-full wp-image-13\" src=\"http:\/\/www.gca-sa.com\/inicio\/wp-content\/uploads\/2015\/10\/separator1.png\" alt=\"separator\" width=\"42\" height=\"8\" \/><\/div>\n<p>[\/vc_column_text][\/vc_column][\/vc_row][vc_row cth_layout=\u00bbleftimage_sec\u00bb el_id=\u00bbsec4&#8243; left_bg_img=\u00bb702&#8243;][vc_column][vc_column_text css=\u00bb.vc_custom_1645469220556{margin-bottom: 20px !important;}\u00bb el_class=\u00bbfl-fw\u00bb]<\/p>\n<h2><span style=\"color: #ffffff;\"><b>Construcci\u00f3n por medio del proceso<\/b><\/span><\/h2>\n<h2><span style=\"color: #ffffff;\"><b>DESIGN \u2013 BUILT<\/b><\/span><\/h2>\n<h2 class=\"separator\">\u00a0<\/h2>\n<h3 class=\"subtitle\">\u00a0<\/h3>\n<p>[\/vc_column_text][vc_row_inner][vc_column_inner][vc_column_text]<\/p>\n<p style=\"text-align: justify;\"><span style=\"font-weight: 400; color: #ffffff;\">Es una modalidad, que en los \u00faltimos tiempos se est\u00e1 haciendo habitual en los proyectos de construcci\u00f3n. En este tipo de contratos el Contratante realiza la licitaci\u00f3n sobre un Documento de necesidades, objetivos y especificaciones, que define de manera sucinta el objetivo o intenci\u00f3n que desea conseguir con la construcci\u00f3n, y deja en libertad al contratista para definir la manera de lograrlo. <\/span><\/p>\n<p style=\"text-align: justify;\"><span style=\"font-weight: 400; color: #ffffff;\">El Contratante realiza la adjudicaci\u00f3n a aquel oferente que le resulte m\u00e1s aceptable para satisfacer los objetivos perseguidos con la construcci\u00f3n. <\/span><\/p>\n<p style=\"text-align: justify;\"><span style=\"font-weight: 400; color: #ffffff;\">En este tipo de contrato GCA toma a su cargo tanto el dise\u00f1o como la construcci\u00f3n de las obras y en su oferta valora la ejecuci\u00f3n de los trabajos descritos en un determinado proyecto.\u00a0<\/span><\/p>\n<p style=\"text-align: justify;\"><span style=\"font-weight: 400; color: #ffffff;\">Como ventajas de este sistema se pueden se\u00f1alar:<\/span><\/p>\n<h3 style=\"text-align: justify;\"><span style=\"font-weight: 400; color: #ffffff;\">\u00a0 \u00a0\u2022 Coordinaci\u00f3n de especialistas en dise\u00f1o y en construcci\u00f3n de un determinado tipo de obras, lo que repercute favorablemente en la calidad final del proyecto.<\/span><\/h3>\n<h3 style=\"text-align: justify;\"><span style=\"font-weight: 400; color: #ffffff;\">\u00a0 \u00a0\u2022 Proyecto concebido en todo momento para ser construido de una manera racional y econ\u00f3mica. En muchas ocasiones el dise\u00f1o ha sido condicionado por la propia ejecuci\u00f3n de los trabajos.<\/span><\/h3>\n<h3 style=\"text-align: justify;\"><span style=\"font-weight: 400; color: #ffffff;\">\u00a0 \u00a0\u2022 Posibilidad de conseguir ofertas econ\u00f3micamente ventajosas al amoldar el constructor el Proyecto a sus disponibilidades.<\/span><\/h3>\n<p>[\/vc_column_text][\/vc_column_inner][\/vc_row_inner][\/vc_column][\/vc_row]<\/p>\n","protected":false},"excerpt":{"rendered":"<p>[vc_row cth_layout=\u00bbparallax_sec\u00bb css=\u00bb.vc_custom_1595909064525{background-image: url(http:\/\/www.gca-sa.com\/inicio\/wp-content\/uploads\/2020\/07\/Construcci\u00f3n_DesignBuilt-1803&#215;501-1.jpg?id=703) !important;}\u00bb][vc_column][vc_column_text] Design &#8211; Built [\/vc_column_text][\/vc_column][\/vc_row][vc_row cth_layout=\u00bbleftimage_sec\u00bb el_id=\u00bbsec4&#8243; left_bg_img=\u00bb702&#8243;][vc_column][vc_column_text css=\u00bb.vc_custom_1645469220556{margin-bottom: 20px !important;}\u00bb el_class=\u00bbfl-fw\u00bb] Construcci\u00f3n por medio del proceso DESIGN \u2013 BUILT \u00a0 \u00a0 [\/vc_column_text][vc_row_inner][vc_column_inner][vc_column_text] Es una modalidad, que en los \u00faltimos tiempos se est\u00e1 haciendo habitual en los proyectos de construcci\u00f3n. En este tipo de contratos el Contratante realiza la licitaci\u00f3n sobre [&hellip;]<\/p>\n","protected":false},"author":1,"featured_media":0,"parent":0,"menu_order":0,"comment_status":"closed","ping_status":"closed","template":"homepage.php","meta":{"footnotes":""},"_links":{"self":[{"href":"https:\/\/www.gca-sa.com\/inicio\/wp-json\/wp\/v2\/pages\/642"}],"collection":[{"href":"https:\/\/www.gca-sa.com\/inicio\/wp-json\/wp\/v2\/pages"}],"about":[{"href":"https:\/\/www.gca-sa.com\/inicio\/wp-json\/wp\/v2\/types\/page"}],"author":[{"embeddable":true,"href":"https:\/\/www.gca-sa.com\/inicio\/wp-json\/wp\/v2\/users\/1"}],"replies":[{"embeddable":true,"href":"https:\/\/www.gca-sa.com\/inicio\/wp-json\/wp\/v2\/comments?post=642"}],"version-history":[{"count":19,"href":"https:\/\/www.gca-sa.com\/inicio\/wp-json\/wp\/v2\/pages\/642\/revisions"}],"predecessor-version":[{"id":1071,"href":"https:\/\/www.gca-sa.com\/inicio\/wp-json\/wp\/v2\/pages\/642\/revisions\/1071"}],"wp:attachment":[{"href":"https:\/\/www.gca-sa.com\/inicio\/wp-json\/wp\/v2\/media?parent=642"}],"curies":[{"name":"wp","href":"https:\/\/api.w.org\/{rel}","templated":true}]}}