{"id":202,"date":"2015-10-29T09:47:51","date_gmt":"2015-10-29T09:47:51","guid":{"rendered":"http:\/\/demowp.cththemes.net\/outdoor\/?page_id=202"},"modified":"2020-08-13T03:26:50","modified_gmt":"2020-08-13T03:26:50","slug":"quienes-somos","status":"publish","type":"page","link":"https:\/\/www.gca-sa.com\/inicio\/quienes-somos\/","title":{"rendered":"Qui\u00e9nes somos"},"content":{"rendered":"<p>[vc_row cth_layout=\u00bbparallax_sec\u00bb css=\u00bb.vc_custom_1595535596133{background-image: url(http:\/\/www.gca-sa.com\/inicio\/wp-content\/uploads\/2020\/07\/1803X501_QUIENESSOMOS.jpg?id=621) !important;}\u00bb][vc_column][vc_column_text]<\/p>\n<h2>Qui\u00e9nes somos<\/h2>\n<div class=\"separator-image\"><img decoding=\"async\" loading=\"lazy\" class=\"alignnone size-full wp-image-13\" src=\"http:\/\/www.gca-sa.com\/inicio\/wp-content\/uploads\/2015\/10\/separator1.png\" alt=\"separator\" width=\"42\" height=\"8\" \/><\/div>\n<p>[\/vc_column_text][\/vc_column][\/vc_row][vc_row][vc_column width=\u00bb1\/3&#8243;][cth_counter number=\u00bb132&#8243;]<\/p>\n<h6>Proyectos Entregados<\/h6>\n<p>[\/cth_counter][\/vc_column][vc_column width=\u00bb1\/3&#8243;][cth_counter icon_class=\u00bbfa fa-suitcase\u00bb number=\u00bb30.000 m2&#8243;]<\/p>\n<h6>de Desarrollos<\/h6>\n<p>[\/cth_counter][\/vc_column][vc_column width=\u00bb1\/3&#8243;][cth_counter icon_class=\u00bbfa fa-coffee\u00bb number=\u00bb525 m2&#8243;]<\/p>\n<h6>de Cubiertas Ecol\u00f3gicas<\/h6>\n<p>[\/cth_counter][\/vc_column][\/vc_row][vc_row cth_layout=\u00bbleftimage_sec\u00bb el_id=\u00bbsec4&#8243; left_bg_img=\u00bb623&#8243;][vc_column][vc_column_text css=\u00bb.vc_custom_1595894094131{margin-bottom: 20px !important;}\u00bb el_class=\u00bbfl-fw\u00bb]<\/p>\n<h1 style=\"text-align: center;\"><span style=\"color: #ffffff;\">GCA<\/span><\/h1>\n<div class=\"separator\"><\/div>\n<h3 class=\"subtitle\"><\/h3>\n<p>[\/vc_column_text][vc_row_inner][vc_column_inner width=\u00bb1\/2&#8243;][vc_column_text]<\/p>\n<h2 style=\"text-align: center;\"><span style=\"color: #ffffff;\"><strong>GERENCIA<\/strong><\/span><\/h2>\n<p>[\/vc_column_text][vc_column_text]<\/p>\n<p style=\"text-align: justify;\"><span style=\"color: #ffffff;\"><span style=\"font-weight: 400;\">GCA, adopta las mejores pr\u00e1cticas en gerencia de proyectos dictadas por el PMI\u00ae \u201cProject <\/span><span style=\"font-weight: 400;\">Management Institute\u201d. Esta metodolog\u00eda permite seguir procesos estructurados, usando <\/span><span style=\"font-weight: 400;\">conocimientos, habilidades, herramientas y t\u00e9cnicas durante el desarrollo de las etapas de Inicio, <\/span><span style=\"font-weight: 400;\">Planeaci\u00f3n, Ejecuci\u00f3n, Control y Cierre para todas las actividades del proyecto, y para cada una de <\/span><span style=\"font-weight: 400;\">las \u00e1reas de conocimiento asociadas a este\u037e el Alcance, los Costos, el Tiempo, la Calidad, las <\/span><span style=\"font-weight: 400;\">Comunicaciones, el Riesgo, las Compras, los Recursos Humanos, y la integraci\u00f3n de estas <\/span><span style=\"font-weight: 400;\">disciplinas.<\/span><\/span><\/p>\n<p>[\/vc_column_text][\/vc_column_inner][vc_column_inner width=\u00bb1\/2&#8243;][vc_column_text]<\/p>\n<h2 style=\"text-align: center;\"><span style=\"color: #ffffff;\"><strong>CONSTRUCCI\u00d3N<\/strong><\/span><\/h2>\n<p>[\/vc_column_text][vc_column_text]<\/p>\n<p style=\"text-align: justify;\"><span style=\"font-weight: 400;\">GCA, es una empresa que a trav\u00e9s de la experiencia en construcci\u00f3n de sus socios e <\/span><span style=\"font-weight: 400;\">implementando los procedimientos de Gerencia de proyectos del PMI, utilizando las herramientas <\/span><span style=\"font-weight: 400;\">necesarias de control y ejecuci\u00f3n de obra, con sus pol\u00edticas de seguridad y calidad de obra, <\/span><span style=\"font-weight: 400;\">garantizan el cubrimiento completo del ciclo de vida de los proyectos y el pleno cumplimiento de <\/span><span style=\"font-weight: 400;\">requisitos y necesidades, deseos y expectativas de nuestros clientes.<\/span><\/p>\n<p>[\/vc_column_text][\/vc_column_inner][\/vc_row_inner][vc_row_inner][vc_column_inner][vc_column_text]<\/p>\n<h2 style=\"text-align: center;\"><span style=\"color: #ffffff;\"><strong>ARQUITECTURA<\/strong><\/span><\/h2>\n<p>[\/vc_column_text][vc_column_text]<\/p>\n<p style=\"text-align: center;\"><span style=\"font-weight: 400;\">\u201cEl dise\u00f1ar es una tarea compleja y muy din\u00e1mica donde se eval\u00faan los requisitos t\u00e9cnicos, <\/span><span style=\"font-weight: 400;\">sociales y econ\u00f3micos, necesidades biol\u00f3gicas, efectos psicol\u00f3gicos , materiales, forma, color, <\/span><span style=\"font-weight: 400;\">volumen y espacio; todo ello pensado e interrelacionado con el medio ambiente que rodea a la <\/span><span style=\"font-weight: 400;\">humanidad.\u201d<\/span><\/p>\n<p>[\/vc_column_text][\/vc_column_inner][\/vc_row_inner][\/vc_column][\/vc_row][vc_row cth_layout=\u00bbpage_sec\u00bb css=\u00bb.vc_custom_1446561703006{padding-top: 30px !important;padding-bottom: 30px !important;}\u00bb el_class=\u00bborder-holder\u00bb][vc_column offset=\u00bbvc_col-md-8&#8243;][vc_column_text]<\/p>\n<h3>\u00bfTienes un proyecto en mente?<\/h3>\n<p>[\/vc_column_text][\/vc_column][vc_column offset=\u00bbvc_col-md-3&#8243;][vc_column_text]<a class=\" btn anim-button trans-btn transition fl-l\" href=\"http:\/\/www.gca-sa.com\/inicio\/contacto-2\/\"><span class=\"no-rep\">Contacto<\/span><i class=\"fa fa-envelope-o\"><\/i><\/a>[\/vc_column_text][\/vc_column][\/vc_row][vc_row][vc_column][vc_empty_space height=\u00bb62px\u00bb][\/vc_column][\/vc_row]<\/p>\n","protected":false},"excerpt":{"rendered":"<p>[vc_row cth_layout=\u00bbparallax_sec\u00bb css=\u00bb.vc_custom_1595535596133{background-image: url(http:\/\/www.gca-sa.com\/inicio\/wp-content\/uploads\/2020\/07\/1803X501_QUIENESSOMOS.jpg?id=621) !important;}\u00bb][vc_column][vc_column_text] Qui\u00e9nes somos [\/vc_column_text][\/vc_column][\/vc_row][vc_row][vc_column width=\u00bb1\/3&#8243;][cth_counter number=\u00bb132&#8243;] Proyectos Entregados [\/cth_counter][\/vc_column][vc_column width=\u00bb1\/3&#8243;][cth_counter icon_class=\u00bbfa fa-suitcase\u00bb number=\u00bb30.000 m2&#8243;] de Desarrollos [\/cth_counter][\/vc_column][vc_column width=\u00bb1\/3&#8243;][cth_counter icon_class=\u00bbfa fa-coffee\u00bb number=\u00bb525 m2&#8243;] de Cubiertas Ecol\u00f3gicas [\/cth_counter][\/vc_column][\/vc_row][vc_row cth_layout=\u00bbleftimage_sec\u00bb el_id=\u00bbsec4&#8243; left_bg_img=\u00bb623&#8243;][vc_column][vc_column_text css=\u00bb.vc_custom_1595894094131{margin-bottom: 20px !important;}\u00bb el_class=\u00bbfl-fw\u00bb] GCA [\/vc_column_text][vc_row_inner][vc_column_inner width=\u00bb1\/2&#8243;][vc_column_text] GERENCIA [\/vc_column_text][vc_column_text] GCA, adopta las mejores pr\u00e1cticas en gerencia de proyectos dictadas por el PMI\u00ae [&hellip;]<\/p>\n","protected":false},"author":1,"featured_media":0,"parent":0,"menu_order":0,"comment_status":"closed","ping_status":"closed","template":"homepage.php","meta":{"footnotes":""},"_links":{"self":[{"href":"https:\/\/www.gca-sa.com\/inicio\/wp-json\/wp\/v2\/pages\/202"}],"collection":[{"href":"https:\/\/www.gca-sa.com\/inicio\/wp-json\/wp\/v2\/pages"}],"about":[{"href":"https:\/\/www.gca-sa.com\/inicio\/wp-json\/wp\/v2\/types\/page"}],"author":[{"embeddable":true,"href":"https:\/\/www.gca-sa.com\/inicio\/wp-json\/wp\/v2\/users\/1"}],"replies":[{"embeddable":true,"href":"https:\/\/www.gca-sa.com\/inicio\/wp-json\/wp\/v2\/comments?post=202"}],"version-history":[{"count":18,"href":"https:\/\/www.gca-sa.com\/inicio\/wp-json\/wp\/v2\/pages\/202\/revisions"}],"predecessor-version":[{"id":902,"href":"https:\/\/www.gca-sa.com\/inicio\/wp-json\/wp\/v2\/pages\/202\/revisions\/902"}],"wp:attachment":[{"href":"https:\/\/www.gca-sa.com\/inicio\/wp-json\/wp\/v2\/media?parent=202"}],"curies":[{"name":"wp","href":"https:\/\/api.w.org\/{rel}","templated":true}]}}